{"id":8,"date":"2020-01-20T10:48:49","date_gmt":"2020-01-20T09:48:49","guid":{"rendered":"https:\/\/dortax.pl\/index.php\/windykacja\/"},"modified":"2020-02-06T15:06:52","modified_gmt":"2020-02-06T14:06:52","slug":"windykacja","status":"publish","type":"page","link":"https:\/\/dortax.pl\/index.php\/windykacja\/","title":{"rendered":"Windykacja"},"content":{"rendered":"<p>[et_pb_section fb_built=&#8221;1&#8243; _builder_version=&#8221;4.0.2&#8243; background_enable_color=&#8221;off&#8221; background_color_gradient_direction=&#8221;90deg&#8221; background_image=&#8221;https:\/\/dortax.pl\/wp-content\/uploads\/2020\/01\/company-155-2.jpg&#8221; background_position=&#8221;top_center&#8221; background_blend=&#8221;overlay&#8221; custom_padding=&#8221;0px||0px||false|false&#8221;][et_pb_row use_custom_gutter=&#8221;on&#8221; gutter_width=&#8221;1&#8243; make_equal=&#8221;on&#8221; _builder_version=&#8221;4.0.2&#8243; width=&#8221;100%&#8221; width_tablet=&#8221;90%&#8221; width_phone=&#8221;90%&#8221; width_last_edited=&#8221;on|desktop&#8221; max_width=&#8221;100%&#8221; max_width_tablet=&#8221;90%&#8221; max_width_phone=&#8221;90%&#8221; max_width_last_edited=&#8221;on|phone&#8221; custom_padding=&#8221;0px||0px||false|false&#8221; animation_style=&#8221;slide&#8221; animation_direction=&#8221;left&#8221; animation_duration=&#8221;1500ms&#8221;][et_pb_column type=&#8221;4_4&#8243; _builder_version=&#8221;4.0.2&#8243; background_color=&#8221;#5e6e9e&#8221; background_enable_image=&#8221;off&#8221; custom_padding=&#8221;3%|3%|3%|3%|true|true&#8221; custom_padding__hover=&#8221;|||&#8221;][et_pb_text _builder_version=&#8221;4.0.2&#8243; text_font=&#8221;Poppins||||||||&#8221; text_text_color=&#8221;#5499D4&#8243; text_font_size=&#8221;16px&#8221; text_line_height=&#8221;1.8em&#8221; header_font=&#8221;Raleway|500|||||||&#8221; header_text_align=&#8221;left&#8221; header_text_color=&#8221;#ffffff&#8221; header_font_size=&#8221;60px&#8221; header_letter_spacing=&#8221;2px&#8221; header_font_size_tablet=&#8221;40px&#8221; header_font_size_phone=&#8221;30px&#8221; header_font_size_last_edited=&#8221;on|desktop&#8221;]<\/p>\n<h1 style=\"text-align: center;\">Windykacja<\/h1>\n<p>[\/et_pb_text][\/et_pb_column][\/et_pb_row][\/et_pb_section][et_pb_section fb_built=&#8221;1&#8243; _builder_version=&#8221;3.22.3&#8243; background_color=&#8221;#F5F5F5&#8243; custom_padding=&#8221;40px|0px|40px|0px|true|false&#8221;][et_pb_row column_structure=&#8221;1_2,1_2&#8243; use_custom_gutter=&#8221;on&#8221; gutter_width=&#8221;2&#8243; _builder_version=&#8221;4.0.2&#8243; width=&#8221;98%&#8221; width_tablet=&#8221;90%&#8221; width_phone=&#8221;90%&#8221; width_last_edited=&#8221;on|desktop&#8221; max_width=&#8221;1170px&#8221; max_width_tablet=&#8221;90%&#8221; max_width_phone=&#8221;90%&#8221; max_width_last_edited=&#8221;on|phone&#8221; animation_style=&#8221;slide&#8221; animation_direction=&#8221;bottom&#8221; animation_duration=&#8221;1400ms&#8221; animation_delay=&#8221;500ms&#8221;][et_pb_column type=&#8221;1_2&#8243; _builder_version=&#8221;3.25&#8243; background_color=&#8221;#ffffff&#8221; custom_padding=&#8221;|||&#8221; custom_padding__hover=&#8221;|||&#8221;][et_pb_text _builder_version=&#8221;4.0.2&#8243; text_font=&#8221;Raleway||||||||&#8221; text_text_color=&#8221;#000000&#8243; text_font_size=&#8221;15px&#8221; text_line_height=&#8221;1.8em&#8221; header_font=&#8221;Roboto Condensed|700|||||||&#8221; header_text_color=&#8221;#2f2f2f&#8221; header_font_size=&#8221;18px&#8221; header_2_font=&#8221;Roboto Condensed|700||on|||||&#8221; header_2_text_color=&#8221;#2f2f2f&#8221; header_2_font_size=&#8221;18px&#8221; header_3_font=&#8221;Roboto Condensed|700||on|||||&#8221; header_3_text_color=&#8221;#2f2f2f&#8221; header_3_font_size=&#8221;18px&#8221; header_4_font=&#8221;Roboto Condensed|700||on|||||&#8221; header_4_text_color=&#8221;#2f2f2f&#8221; header_5_font=&#8221;Roboto Condensed|700||on|||||&#8221; header_5_text_color=&#8221;#2f2f2f&#8221; header_5_font_size=&#8221;18px&#8221; header_6_font=&#8221;Roboto Condensed|700||on|||||&#8221; header_6_text_color=&#8221;#2f2f2f&#8221; header_6_font_size=&#8221;18px&#8221; text_orientation=&#8221;justified&#8221; custom_padding=&#8221;35px|32px|16px|32px|false|true&#8221;]<\/p>\n<p>Nasze biuro rachunkowe DorTax w Raszynie \u015bwiadczy r\u00f3wnie\u017c us\u0142ugi z zakresu windykacji nale\u017cno\u015bci na etapie windykacji polubownej oraz windykacji twardej.<\/p>\n<p><strong>Sk\u0105d ten pomys\u0142?<\/strong><\/p>\n<p>Przedsi\u0119biorcy cz\u0119sto narzekali, \u017ce nie otrzymuj\u0105 zap\u0142aty za swoje us\u0142ugi w terminie. Ich kontrahenci cz\u0119sto wyd\u0142u\u017cali termin sp\u0142aty zobowi\u0105za\u0144 co przyczynia\u0142o si\u0119 do problem\u00f3w z p\u0142ynno\u015bci\u0105 finansow\u0105 naszych klient\u00f3w.<\/p>\n<p>Poniewa\u017c posiadamy du\u017c\u0105 wiedz\u0119 oraz do\u015bwiadczenie w dziedzinie odzyskiwania d\u0142ug\u00f3w, DorTax zaproponowa\u0142 swoim klientom mo\u017cliwo\u015b\u0107 wykupienia us\u0142ugi nadzoru nad p\u0142atno\u015bciami na ka\u017cdym etapie zaleg\u0142o\u015bci fakturowych.<\/p>\n<p style=\"text-align: center;\"><strong> Najcz\u0119\u015bciej prowadzimy windykacje mi\u0119kk\u0105, poniewa\u017c ju\u017c pierwsze kontakty z d\u0142u\u017cnikami skutkuj\u0105 sp\u0142atami zaleg\u0142o\u015bci.<\/strong><\/p>\n<p>[\/et_pb_text][\/et_pb_column][et_pb_column type=&#8221;1_2&#8243; _builder_version=&#8221;4.0.2&#8243; background_enable_color=&#8221;off&#8221; custom_padding=&#8221;|||&#8221; custom_padding__hover=&#8221;|||&#8221;][et_pb_text _builder_version=&#8221;4.0.2&#8243; text_font=&#8221;Raleway||||||||&#8221; text_text_color=&#8221;#ffffff&#8221; text_font_size=&#8221;17px&#8221; text_line_height=&#8221;1.8em&#8221; ul_line_height=&#8221;2em&#8221; header_font=&#8221;Roboto Condensed|700|||||||&#8221; header_text_color=&#8221;#2f2f2f&#8221; header_font_size=&#8221;18px&#8221; header_2_font=&#8221;Roboto Condensed|700||on|||||&#8221; header_2_text_color=&#8221;#2f2f2f&#8221; header_2_font_size=&#8221;18px&#8221; header_3_font=&#8221;Roboto Condensed|700||on|||||&#8221; header_3_text_color=&#8221;#2f2f2f&#8221; header_3_font_size=&#8221;18px&#8221; header_4_font=&#8221;Roboto Condensed|700||on|||||&#8221; header_4_text_color=&#8221;#2f2f2f&#8221; header_5_font=&#8221;Roboto Condensed|700||on|||||&#8221; header_5_text_color=&#8221;#2f2f2f&#8221; header_5_font_size=&#8221;18px&#8221; header_6_font=&#8221;Roboto Condensed|700||on|||||&#8221; header_6_text_color=&#8221;#2f2f2f&#8221; header_6_font_size=&#8221;18px&#8221; background_color=&#8221;#5e6e9e&#8221; text_orientation=&#8221;justified&#8221; custom_padding=&#8221;35px|32px|16px|32px|false|true&#8221; box_shadow_style=&#8221;preset2&#8243; box_shadow_color=&#8221;#000000&#8243;]<\/p>\n<p style=\"text-align: center;\"><strong>W ramach us\u0142ug windykacyjnych <br \/>wykonujemy nast\u0119puj\u0105ce czynno\u015bci:<\/strong><\/p>\n<ul>\n<li style=\"text-align: left;\">przypominamy o nadchodz\u0105cych terminach p\u0142atno\u015bci smsem lub mailem (prewindykacja)<\/li>\n<li style=\"text-align: left;\">kontaktujemy si\u0119 telefonicznie z d\u0142u\u017cnikiem,<\/li>\n<li style=\"text-align: left;\">piszemy i wysy\u0142amy standardowe wezwania do zap\u0142aty,<\/li>\n<li style=\"text-align: left;\">piszemy i wysy\u0142amy przeds\u0105dowe wezwania do zap\u0142aty,<\/li>\n<li style=\"text-align: left;\">prowadzimy sprawy poprzez e-s\u0105d (EPU \u2013 Elektroniczne Post\u0119powanie Upominawcze),<\/li>\n<li style=\"text-align: left;\">prowadzimy sprawy s\u0105dowe oraz nadzorujemy post\u0119powania komornicze.<\/li>\n<\/ul>\n<p style=\"text-align: center;\"><strong>W DorTax mo\u017cecie Pa\u0144stwo zleci\u0107 jednorazowe odzyskanie nale\u017cno\u015bci (p\u0142atne tylko i wy\u0142\u0105cznie w momencie odzyskania d\u0142ugu) lub wykupi\u0107 abonament na kontrolowanie za Was termin\u00f3w p\u0142atno\u015bci za faktury, kt\u00f3re wystawili\u015bcie Pa\u0144stwo kontrahentom.<\/strong><\/p>\n<p>[\/et_pb_text][\/et_pb_column][\/et_pb_row][\/et_pb_section][et_pb_section fb_built=&#8221;1&#8243; _builder_version=&#8221;3.22.3&#8243; use_background_color_gradient=&#8221;on&#8221; background_color_gradient_start=&#8221;rgba(0,46,91,0.82)&#8221; background_color_gradient_end=&#8221;rgba(0,46,91,0.82)&#8221; background_color_gradient_overlays_image=&#8221;on&#8221; background_image=&#8221;https:\/\/dortax.pl\/wp-content\/uploads\/2020\/01\/company-155-35.jpg&#8221; custom_padding=&#8221;36px||36px||true|&#8221; global_module=&#8221;71&#8243; saved_tabs=&#8221;all&#8221;][et_pb_row column_structure=&#8221;2_5,3_5&#8243; use_custom_gutter=&#8221;on&#8221; gutter_width=&#8221;2&#8243; padding_top_bottom_link_1=&#8221;true&#8221; padding_left_right_link_1=&#8221;true&#8221; _builder_version=&#8221;3.25&#8243; width=&#8221;98%&#8221; width_tablet=&#8221;90%&#8221; width_phone=&#8221;90%&#8221; width_last_edited=&#8221;on|desktop&#8221; max_width=&#8221;1170px&#8221; max_width_tablet=&#8221;90%&#8221; max_width_phone=&#8221;90%&#8221; max_width_last_edited=&#8221;on|phone&#8221; animation_style=&#8221;slide&#8221; animation_direction=&#8221;bottom&#8221; animation_duration=&#8221;1400ms&#8221; animation_delay=&#8221;500ms&#8221;][et_pb_column type=&#8221;2_5&#8243; _builder_version=&#8221;3.25&#8243; custom_padding=&#8221;|||&#8221; custom_padding__hover=&#8221;|||&#8221;][et_pb_text _builder_version=&#8221;4.0.2&#8243; text_font=&#8221;Poppins|700|||||||&#8221; text_text_color=&#8221;#ffffff&#8221; text_font_size=&#8221;35px&#8221; custom_padding=&#8221;||36px|&#8221;]<\/p>\n<p>Kontakt<\/p>\n<p>[\/et_pb_text][et_pb_blurb image=&#8221;https:\/\/dortax.pl\/wp-content\/uploads\/2020\/01\/company-154-1.png&#8221; icon_placement=&#8221;left&#8221; image_max_width=&#8221;25px&#8221; _builder_version=&#8221;4.0.2&#8243; body_font=&#8221;Poppins||||||||&#8221; body_text_color=&#8221;#ffffff&#8221; body_line_height=&#8221;1.8em&#8221; animation=&#8221;off&#8221; border_width_top_image=&#8221;6px&#8221; border_color_top_image=&#8221;rgba(0,0,0,0)&#8221; border_width_right_image=&#8221;4px&#8221; border_color_right_image=&#8221;rgba(0,0,0,0)&#8221;]<\/p>\n<p>ul. Wschodnia 30<br \/> 05-090 Raszyn<\/p>\n<p>[\/et_pb_blurb][et_pb_blurb image=&#8221;https:\/\/dortax.pl\/wp-content\/uploads\/2020\/01\/company-154-2.png&#8221; icon_placement=&#8221;left&#8221; image_max_width=&#8221;25px&#8221; _builder_version=&#8221;4.0.2&#8243; body_font=&#8221;Poppins||||||||&#8221; body_text_color=&#8221;#ffffff&#8221; body_line_height=&#8221;1.8em&#8221; custom_padding=&#8221;11px||11px||true&#8221; animation=&#8221;off&#8221; border_width_top_image=&#8221;6px&#8221; border_color_top_image=&#8221;rgba(0,0,0,0)&#8221; border_width_right_image=&#8221;4px&#8221; border_color_right_image=&#8221;rgba(0,0,0,0)&#8221;]<\/p>\n<p>tel. 504 267 782<br \/> tel. 791 379 624<\/p>\n<p>[\/et_pb_blurb][et_pb_blurb image=&#8221;https:\/\/dortax.pl\/wp-content\/uploads\/2020\/01\/company-154-3.png&#8221; icon_placement=&#8221;left&#8221; image_max_width=&#8221;25px&#8221; _builder_version=&#8221;4.0.2&#8243; body_font=&#8221;Poppins||||||||&#8221; body_text_color=&#8221;#ffffff&#8221; body_line_height=&#8221;1.8em&#8221; animation=&#8221;off&#8221; border_width_top_image=&#8221;6px&#8221; border_color_top_image=&#8221;rgba(0,0,0,0)&#8221; border_width_right_image=&#8221;4px&#8221; border_color_right_image=&#8221;rgba(0,0,0,0)&#8221;]biuro@dortax.pl[\/et_pb_blurb][\/et_pb_column][et_pb_column type=&#8221;3_5&#8243; _builder_version=&#8221;3.25&#8243; custom_padding=&#8221;|||&#8221; custom_padding__hover=&#8221;|||&#8221;][et_pb_text _builder_version=&#8221;4.0.2&#8243; text_font=&#8221;Poppins|700|||||||&#8221; text_text_color=&#8221;#ffffff&#8221; text_font_size=&#8221;35px&#8221; custom_padding=&#8221;||36px|&#8221; custom_padding_tablet=&#8221;&#8221; custom_padding_phone=&#8221;39px||&#8221; custom_padding_last_edited=&#8221;on|desktop&#8221;]<\/p>\n<p>Napisz do nas<\/p>\n<p>[\/et_pb_text][et_pb_contact_form captcha=&#8221;off&#8221; submit_button_text=&#8221;Wy\u015blij&#8221; module_id=&#8221;et_pb_contact_form_0&#8243; _builder_version=&#8221;4.0.2&#8243; form_field_background_color=&#8221;#ffffff&#8221; form_field_text_color=&#8221;#707070&#8243; form_field_font=&#8221;Poppins||||||||&#8221; form_field_font_size=&#8221;14px&#8221; form_field_line_height=&#8221;1.8em&#8221; custom_button=&#8221;on&#8221; button_text_size=&#8221;13px&#8221; button_text_color=&#8221;#000000&#8243; button_bg_color=&#8221;#28ffb4&#8243; button_border_width=&#8221;12px&#8221; button_border_color=&#8221;#28ffb4&#8243; button_border_radius=&#8221;3px&#8221; button_letter_spacing=&#8221;1px&#8221; button_font=&#8221;Poppins|700||on|||||&#8221; button_icon=&#8221;%%3%%&#8221; button_on_hover=&#8221;off&#8221; custom_margin=&#8221;||&#8221; custom_padding=&#8221;|||&#8221; border_radii=&#8221;on|3px|3px|3px|3px&#8221; border_color_all=&#8221;#ffffff&#8221; form_background_color=&#8221;#ffffff&#8221; button_text_size__hover_enabled=&#8221;off&#8221; button_text_color__hover=&#8221;#002e5b&#8221; button_text_color__hover_enabled=&#8221;on&#8221; button_bg_color__hover=&#8221;#ffffff&#8221; button_bg_color__hover_enabled=&#8221;on&#8221; button_border_width__hover_enabled=&#8221;off&#8221; button_border_color__hover=&#8221;#ffffff&#8221; button_border_color__hover_enabled=&#8221;on&#8221; button_border_radius__hover_enabled=&#8221;off&#8221; button_letter_spacing__hover=&#8221;1px&#8221; button_letter_spacing__hover_enabled=&#8221;on&#8221; button_text_color_hover=&#8221;#3FA2F7 &#8221; button_bg_color_hover=&#8221;#ffffff&#8221; button_border_color_hover=&#8221;#ffffff&#8221; button_letter_spacing_hover=&#8221;4px&#8221;][et_pb_contact_field field_id=&#8221;Imi\u0119&#8221; field_title=&#8221;Imi\u0119&#8221; fullwidth_field=&#8221;on&#8221; _builder_version=&#8221;4.0.2&#8243; button_text_size__hover_enabled=&#8221;off&#8221; button_one_text_size__hover_enabled=&#8221;off&#8221; button_two_text_size__hover_enabled=&#8221;off&#8221; button_text_color__hover_enabled=&#8221;off&#8221; button_one_text_color__hover_enabled=&#8221;off&#8221; button_two_text_color__hover_enabled=&#8221;off&#8221; button_border_width__hover_enabled=&#8221;off&#8221; button_one_border_width__hover_enabled=&#8221;off&#8221; button_two_border_width__hover_enabled=&#8221;off&#8221; button_border_color__hover_enabled=&#8221;off&#8221; button_one_border_color__hover_enabled=&#8221;off&#8221; button_two_border_color__hover_enabled=&#8221;off&#8221; button_border_radius__hover_enabled=&#8221;off&#8221; button_one_border_radius__hover_enabled=&#8221;off&#8221; button_two_border_radius__hover_enabled=&#8221;off&#8221; button_letter_spacing__hover_enabled=&#8221;off&#8221; button_one_letter_spacing__hover_enabled=&#8221;off&#8221; button_two_letter_spacing__hover_enabled=&#8221;off&#8221; button_bg_color__hover_enabled=&#8221;off&#8221; button_one_bg_color__hover_enabled=&#8221;off&#8221; button_two_bg_color__hover_enabled=&#8221;off&#8221;][\/et_pb_contact_field][et_pb_contact_field field_id=&#8221;Email&#8221; field_title=&#8221;Email&#8221; field_type=&#8221;email&#8221; _builder_version=&#8221;4.0.2&#8243; button_text_size__hover_enabled=&#8221;off&#8221; button_one_text_size__hover_enabled=&#8221;off&#8221; button_two_text_size__hover_enabled=&#8221;off&#8221; button_text_color__hover_enabled=&#8221;off&#8221; button_one_text_color__hover_enabled=&#8221;off&#8221; button_two_text_color__hover_enabled=&#8221;off&#8221; button_border_width__hover_enabled=&#8221;off&#8221; button_one_border_width__hover_enabled=&#8221;off&#8221; button_two_border_width__hover_enabled=&#8221;off&#8221; button_border_color__hover_enabled=&#8221;off&#8221; button_one_border_color__hover_enabled=&#8221;off&#8221; button_two_border_color__hover_enabled=&#8221;off&#8221; button_border_radius__hover_enabled=&#8221;off&#8221; button_one_border_radius__hover_enabled=&#8221;off&#8221; button_two_border_radius__hover_enabled=&#8221;off&#8221; button_letter_spacing__hover_enabled=&#8221;off&#8221; button_one_letter_spacing__hover_enabled=&#8221;off&#8221; button_two_letter_spacing__hover_enabled=&#8221;off&#8221; button_bg_color__hover_enabled=&#8221;off&#8221; button_one_bg_color__hover_enabled=&#8221;off&#8221; button_two_bg_color__hover_enabled=&#8221;off&#8221;][\/et_pb_contact_field][et_pb_contact_field field_id=&#8221;Telefon&#8221; field_title=&#8221;Telefon&#8221; field_type=&#8221;email&#8221; _builder_version=&#8221;4.0.2&#8243; button_text_size__hover_enabled=&#8221;off&#8221; button_one_text_size__hover_enabled=&#8221;off&#8221; button_two_text_size__hover_enabled=&#8221;off&#8221; button_text_color__hover_enabled=&#8221;off&#8221; button_one_text_color__hover_enabled=&#8221;off&#8221; button_two_text_color__hover_enabled=&#8221;off&#8221; button_border_width__hover_enabled=&#8221;off&#8221; button_one_border_width__hover_enabled=&#8221;off&#8221; button_two_border_width__hover_enabled=&#8221;off&#8221; button_border_color__hover_enabled=&#8221;off&#8221; button_one_border_color__hover_enabled=&#8221;off&#8221; button_two_border_color__hover_enabled=&#8221;off&#8221; button_border_radius__hover_enabled=&#8221;off&#8221; button_one_border_radius__hover_enabled=&#8221;off&#8221; button_two_border_radius__hover_enabled=&#8221;off&#8221; button_letter_spacing__hover_enabled=&#8221;off&#8221; button_one_letter_spacing__hover_enabled=&#8221;off&#8221; button_two_letter_spacing__hover_enabled=&#8221;off&#8221; button_bg_color__hover_enabled=&#8221;off&#8221; button_one_bg_color__hover_enabled=&#8221;off&#8221; button_two_bg_color__hover_enabled=&#8221;off&#8221;][\/et_pb_contact_field][et_pb_contact_field field_id=&#8221;Wiadomo\u015b\u0107&#8221; field_title=&#8221;Wiadomo\u015b\u0107&#8221; field_type=&#8221;text&#8221; fullwidth_field=&#8221;on&#8221; _builder_version=&#8221;4.0.2&#8243; custom_margin=&#8221;||28px|&#8221; custom_padding=&#8221;|||&#8221; button_text_size__hover_enabled=&#8221;off&#8221; button_one_text_size__hover_enabled=&#8221;off&#8221; button_two_text_size__hover_enabled=&#8221;off&#8221; button_text_color__hover_enabled=&#8221;off&#8221; button_one_text_color__hover_enabled=&#8221;off&#8221; button_two_text_color__hover_enabled=&#8221;off&#8221; button_border_width__hover_enabled=&#8221;off&#8221; button_one_border_width__hover_enabled=&#8221;off&#8221; button_two_border_width__hover_enabled=&#8221;off&#8221; button_border_color__hover_enabled=&#8221;off&#8221; button_one_border_color__hover_enabled=&#8221;off&#8221; button_two_border_color__hover_enabled=&#8221;off&#8221; button_border_radius__hover_enabled=&#8221;off&#8221; button_one_border_radius__hover_enabled=&#8221;off&#8221; button_two_border_radius__hover_enabled=&#8221;off&#8221; button_letter_spacing__hover_enabled=&#8221;off&#8221; button_one_letter_spacing__hover_enabled=&#8221;off&#8221; button_two_letter_spacing__hover_enabled=&#8221;off&#8221; button_bg_color__hover_enabled=&#8221;off&#8221; button_one_bg_color__hover_enabled=&#8221;off&#8221; button_two_bg_color__hover_enabled=&#8221;off&#8221;][\/et_pb_contact_field][\/et_pb_contact_form][\/et_pb_column][\/et_pb_row][\/et_pb_section]<\/p>\n","protected":false},"excerpt":{"rendered":"<p>WindykacjaNasze biuro rachunkowe DorTax w Raszynie \u015bwiadczy r\u00f3wnie\u017c us\u0142ugi z zakresu windykacji nale\u017cno\u015bci na etapie windykacji polubownej oraz windykacji twardej. Sk\u0105d ten pomys\u0142? Przedsi\u0119biorcy cz\u0119sto narzekali, \u017ce nie otrzymuj\u0105 zap\u0142aty za swoje us\u0142ugi w terminie. Ich kontrahenci cz\u0119sto wyd\u0142u\u017cali termin sp\u0142aty zobowi\u0105za\u0144 co przyczynia\u0142o si\u0119 do problem\u00f3w z p\u0142ynno\u015bci\u0105 finansow\u0105 naszych klient\u00f3w. Poniewa\u017c posiadamy du\u017c\u0105 [&hellip;]<\/p>\n","protected":false},"author":1,"featured_media":0,"parent":0,"menu_order":0,"comment_status":"closed","ping_status":"closed","template":"","meta":{"_et_pb_use_builder":"on","_et_pb_old_content":"","_et_gb_content_width":"","footnotes":""},"yst_prominent_words":[],"class_list":["post-8","page","type-page","status-publish","hentry"],"_links":{"self":[{"href":"https:\/\/dortax.pl\/index.php\/wp-json\/wp\/v2\/pages\/8"}],"collection":[{"href":"https:\/\/dortax.pl\/index.php\/wp-json\/wp\/v2\/pages"}],"about":[{"href":"https:\/\/dortax.pl\/index.php\/wp-json\/wp\/v2\/types\/page"}],"author":[{"embeddable":true,"href":"https:\/\/dortax.pl\/index.php\/wp-json\/wp\/v2\/users\/1"}],"replies":[{"embeddable":true,"href":"https:\/\/dortax.pl\/index.php\/wp-json\/wp\/v2\/comments?post=8"}],"version-history":[{"count":0,"href":"https:\/\/dortax.pl\/index.php\/wp-json\/wp\/v2\/pages\/8\/revisions"}],"wp:attachment":[{"href":"https:\/\/dortax.pl\/index.php\/wp-json\/wp\/v2\/media?parent=8"}],"wp:term":[{"taxonomy":"yst_prominent_words","embeddable":true,"href":"https:\/\/dortax.pl\/index.php\/wp-json\/wp\/v2\/yst_prominent_words?post=8"}],"curies":[{"name":"wp","href":"https:\/\/api.w.org\/{rel}","templated":true}]}}