{"id":75,"date":"2020-02-03T12:29:26","date_gmt":"2020-02-03T11:29:26","guid":{"rendered":"https:\/\/dortax.pl\/?page_id=75"},"modified":"2020-02-10T12:19:04","modified_gmt":"2020-02-10T11:19:04","slug":"oferta","status":"publish","type":"page","link":"https:\/\/dortax.pl\/index.php\/oferta\/","title":{"rendered":"Oferta"},"content":{"rendered":"<p>[et_pb_section fb_built=&#8221;1&#8243; _builder_version=&#8221;4.0.2&#8243; background_enable_color=&#8221;off&#8221; background_color_gradient_direction=&#8221;90deg&#8221; background_image=&#8221;https:\/\/dortax.pl\/wp-content\/uploads\/2020\/01\/company-155-2.jpg&#8221; background_position=&#8221;top_center&#8221; background_blend=&#8221;overlay&#8221; custom_padding=&#8221;0px||0px||false|false&#8221;][et_pb_row use_custom_gutter=&#8221;on&#8221; gutter_width=&#8221;1&#8243; make_equal=&#8221;on&#8221; _builder_version=&#8221;4.0.2&#8243; width=&#8221;100%&#8221; width_tablet=&#8221;90%&#8221; width_phone=&#8221;90%&#8221; width_last_edited=&#8221;on|desktop&#8221; max_width=&#8221;100%&#8221; max_width_tablet=&#8221;90%&#8221; max_width_phone=&#8221;90%&#8221; max_width_last_edited=&#8221;on|phone&#8221; custom_padding=&#8221;0px||0px||false|false&#8221; animation_style=&#8221;slide&#8221; animation_direction=&#8221;left&#8221; animation_duration=&#8221;1500ms&#8221;][et_pb_column type=&#8221;4_4&#8243; _builder_version=&#8221;4.0.2&#8243; background_color=&#8221;#5e6e9e&#8221; background_enable_image=&#8221;off&#8221; custom_padding=&#8221;3%|3%|3%|3%|true|true&#8221; custom_padding__hover=&#8221;|||&#8221;][et_pb_text _builder_version=&#8221;4.0.2&#8243; text_font=&#8221;Poppins||||||||&#8221; text_text_color=&#8221;#5499D4&#8243; text_font_size=&#8221;16px&#8221; text_line_height=&#8221;1.8em&#8221; header_font=&#8221;Raleway|500|||||||&#8221; header_text_align=&#8221;left&#8221; header_text_color=&#8221;#ffffff&#8221; header_font_size=&#8221;60px&#8221; header_letter_spacing=&#8221;2px&#8221; hover_enabled=&#8221;0&#8243; header_font_size_tablet=&#8221;40px&#8221; header_font_size_phone=&#8221;30px&#8221; header_font_size_last_edited=&#8221;on|desktop&#8221;]<\/p>\n<h1 style=\"text-align: center;\">Oferta<\/h1>\n<p>[\/et_pb_text][\/et_pb_column][\/et_pb_row][\/et_pb_section][et_pb_section fb_built=&#8221;1&#8243; _builder_version=&#8221;3.22.3&#8243; background_color=&#8221;#F5F5F5&#8243; custom_padding=&#8221;40px|0px|40px|0px|true|false&#8221;][et_pb_row column_structure=&#8221;1_2,1_2&#8243; use_custom_gutter=&#8221;on&#8221; gutter_width=&#8221;2&#8243; _builder_version=&#8221;4.0.2&#8243; width=&#8221;98%&#8221; width_tablet=&#8221;90%&#8221; width_phone=&#8221;90%&#8221; width_last_edited=&#8221;on|desktop&#8221; max_width=&#8221;1170px&#8221; max_width_tablet=&#8221;90%&#8221; max_width_phone=&#8221;90%&#8221; max_width_last_edited=&#8221;on|phone&#8221; animation_style=&#8221;slide&#8221; animation_direction=&#8221;bottom&#8221; animation_duration=&#8221;1400ms&#8221; animation_delay=&#8221;500ms&#8221; global_module=&#8221;98&#8243; saved_tabs=&#8221;all&#8221;][et_pb_column type=&#8221;1_2&#8243; _builder_version=&#8221;4.0.2&#8243; background_color=&#8221;#ffffff&#8221; custom_padding=&#8221;15px|15px|15px|15px|true|true&#8221; box_shadow_style=&#8221;preset2&#8243; custom_padding__hover=&#8221;|||&#8221;][et_pb_image src=&#8221;https:\/\/dortax.pl\/wp-content\/uploads\/2020\/02\/accounting-761599_1920.jpg&#8221; url=&#8221;https:\/\/dortax.pl\/index.php\/ksiegowosc\/&#8221; align_tablet=&#8221;center&#8221; align_phone=&#8221;&#8221; align_last_edited=&#8221;on|desktop&#8221; _builder_version=&#8221;4.0.2&#8243; width=&#8221;94%&#8221; module_alignment=&#8221;center&#8221;][\/et_pb_image][et_pb_text _builder_version=&#8221;4.0.2&#8243; text_font=&#8221;Raleway|700|||||||&#8221; text_text_color=&#8221;#8893b9&#8243; text_font_size=&#8221;15px&#8221; text_line_height=&#8221;1.6em&#8221; header_font=&#8221;Poppins|700|||||||&#8221; header_text_color=&#8221;#002e5b&#8221; header_font_size=&#8221;18px&#8221; header_2_font=&#8221;Roboto Condensed|700||on|||||&#8221; header_2_text_color=&#8221;#2f2f2f&#8221; header_2_font_size=&#8221;18px&#8221; header_3_font=&#8221;Roboto Condensed|700||on|||||&#8221; header_3_text_color=&#8221;#2f2f2f&#8221; header_3_font_size=&#8221;18px&#8221; header_4_font=&#8221;Roboto Condensed|700||on|||||&#8221; header_4_text_color=&#8221;#2f2f2f&#8221; header_5_font=&#8221;Roboto Condensed|700||on|||||&#8221; header_5_text_color=&#8221;#2f2f2f&#8221; header_5_font_size=&#8221;18px&#8221; header_6_font=&#8221;Roboto Condensed|700||on|||||&#8221; header_6_text_color=&#8221;#2f2f2f&#8221; header_6_font_size=&#8221;18px&#8221; custom_margin=&#8221;|||&#8221; custom_padding=&#8221;15px|||32px&#8221; link_option_url=&#8221;https:\/\/dortax.pl\/index.php\/ksiegowosc\/&#8221;]<\/p>\n<h1 style=\"text-align: center;\"><strong>Ksi\u0119gowo\u015b\u0107<\/strong><\/h1>\n<p>[\/et_pb_text][\/et_pb_column][et_pb_column type=&#8221;1_2&#8243; _builder_version=&#8221;4.0.2&#8243; background_color=&#8221;#ffffff&#8221; custom_padding=&#8221;15px|15px|15px|15px|true|true&#8221; box_shadow_style=&#8221;preset2&#8243; custom_padding__hover=&#8221;|||&#8221;][et_pb_image src=&#8221;https:\/\/dortax.pl\/wp-content\/uploads\/2020\/02\/euro-banknotes-3212757_1920.jpg&#8221; url=&#8221;https:\/\/dortax.pl\/index.php\/windykacja\/&#8221; align_tablet=&#8221;center&#8221; align_phone=&#8221;&#8221; align_last_edited=&#8221;on|desktop&#8221; _builder_version=&#8221;4.0.2&#8243; module_alignment=&#8221;center&#8221;][\/et_pb_image][et_pb_text _builder_version=&#8221;4.0.2&#8243; text_font=&#8221;Raleway|700|||||||&#8221; text_text_color=&#8221;#8893b9&#8243; text_font_size=&#8221;15px&#8221; text_line_height=&#8221;1.6em&#8221; header_font=&#8221;Poppins|700|||||||&#8221; header_text_color=&#8221;#002e5b&#8221; header_font_size=&#8221;18px&#8221; header_2_font=&#8221;Roboto Condensed|700||on|||||&#8221; header_2_text_color=&#8221;#2f2f2f&#8221; header_2_font_size=&#8221;18px&#8221; header_3_font=&#8221;Roboto Condensed|700||on|||||&#8221; header_3_text_color=&#8221;#2f2f2f&#8221; header_3_font_size=&#8221;18px&#8221; header_4_font=&#8221;Roboto Condensed|700||on|||||&#8221; header_4_text_color=&#8221;#2f2f2f&#8221; header_5_font=&#8221;Roboto Condensed|700||on|||||&#8221; header_5_text_color=&#8221;#2f2f2f&#8221; header_5_font_size=&#8221;18px&#8221; header_6_font=&#8221;Roboto Condensed|700||on|||||&#8221; header_6_text_color=&#8221;#2f2f2f&#8221; header_6_font_size=&#8221;18px&#8221; custom_margin=&#8221;||4px|||&#8221; custom_padding=&#8221;15px|||32px&#8221; link_option_url=&#8221;https:\/\/dortax.pl\/index.php\/windykacja\/&#8221;]<\/p>\n<h1 style=\"text-align: center;\"><strong>Windykacja<\/strong><\/h1>\n<p>[\/et_pb_text][\/et_pb_column][\/et_pb_row][\/et_pb_section][et_pb_section fb_built=&#8221;1&#8243; _builder_version=&#8221;3.22.3&#8243; use_background_color_gradient=&#8221;on&#8221; background_color_gradient_start=&#8221;rgba(0,46,91,0.82)&#8221; background_color_gradient_end=&#8221;rgba(0,46,91,0.82)&#8221; background_color_gradient_overlays_image=&#8221;on&#8221; background_image=&#8221;https:\/\/dortax.pl\/wp-content\/uploads\/2020\/01\/company-155-35.jpg&#8221; custom_padding=&#8221;36px||36px||true|&#8221; global_module=&#8221;71&#8243; saved_tabs=&#8221;all&#8221;][et_pb_row column_structure=&#8221;2_5,3_5&#8243; use_custom_gutter=&#8221;on&#8221; gutter_width=&#8221;2&#8243; padding_top_bottom_link_1=&#8221;true&#8221; padding_left_right_link_1=&#8221;true&#8221; _builder_version=&#8221;3.25&#8243; width=&#8221;98%&#8221; width_tablet=&#8221;90%&#8221; width_phone=&#8221;90%&#8221; width_last_edited=&#8221;on|desktop&#8221; max_width=&#8221;1170px&#8221; max_width_tablet=&#8221;90%&#8221; max_width_phone=&#8221;90%&#8221; max_width_last_edited=&#8221;on|phone&#8221; animation_style=&#8221;slide&#8221; animation_direction=&#8221;bottom&#8221; animation_duration=&#8221;1400ms&#8221; animation_delay=&#8221;500ms&#8221;][et_pb_column type=&#8221;2_5&#8243; _builder_version=&#8221;3.25&#8243; custom_padding=&#8221;|||&#8221; custom_padding__hover=&#8221;|||&#8221;][et_pb_text _builder_version=&#8221;4.0.2&#8243; text_font=&#8221;Poppins|700|||||||&#8221; text_text_color=&#8221;#ffffff&#8221; text_font_size=&#8221;35px&#8221; custom_padding=&#8221;||36px|&#8221;]<\/p>\n<p>Kontakt<\/p>\n<p>[\/et_pb_text][et_pb_blurb image=&#8221;https:\/\/dortax.pl\/wp-content\/uploads\/2020\/01\/company-154-1.png&#8221; icon_placement=&#8221;left&#8221; image_max_width=&#8221;25px&#8221; _builder_version=&#8221;4.0.2&#8243; body_font=&#8221;Poppins||||||||&#8221; body_text_color=&#8221;#ffffff&#8221; body_line_height=&#8221;1.8em&#8221; animation=&#8221;off&#8221; border_width_top_image=&#8221;6px&#8221; border_color_top_image=&#8221;rgba(0,0,0,0)&#8221; border_width_right_image=&#8221;4px&#8221; border_color_right_image=&#8221;rgba(0,0,0,0)&#8221;]<\/p>\n<p>ul. Wschodnia 30<br \/> 05-090 Raszyn<\/p>\n<p>[\/et_pb_blurb][et_pb_blurb image=&#8221;https:\/\/dortax.pl\/wp-content\/uploads\/2020\/01\/company-154-2.png&#8221; icon_placement=&#8221;left&#8221; image_max_width=&#8221;25px&#8221; _builder_version=&#8221;4.0.2&#8243; body_font=&#8221;Poppins||||||||&#8221; body_text_color=&#8221;#ffffff&#8221; body_line_height=&#8221;1.8em&#8221; custom_padding=&#8221;11px||11px||true&#8221; animation=&#8221;off&#8221; border_width_top_image=&#8221;6px&#8221; border_color_top_image=&#8221;rgba(0,0,0,0)&#8221; border_width_right_image=&#8221;4px&#8221; border_color_right_image=&#8221;rgba(0,0,0,0)&#8221;]<\/p>\n<p>tel. 504 267 782<br \/> tel. 791 379 624<\/p>\n<p>[\/et_pb_blurb][et_pb_blurb image=&#8221;https:\/\/dortax.pl\/wp-content\/uploads\/2020\/01\/company-154-3.png&#8221; icon_placement=&#8221;left&#8221; image_max_width=&#8221;25px&#8221; _builder_version=&#8221;4.0.2&#8243; body_font=&#8221;Poppins||||||||&#8221; body_text_color=&#8221;#ffffff&#8221; body_line_height=&#8221;1.8em&#8221; animation=&#8221;off&#8221; border_width_top_image=&#8221;6px&#8221; border_color_top_image=&#8221;rgba(0,0,0,0)&#8221; border_width_right_image=&#8221;4px&#8221; border_color_right_image=&#8221;rgba(0,0,0,0)&#8221;]biuro@dortax.pl[\/et_pb_blurb][\/et_pb_column][et_pb_column type=&#8221;3_5&#8243; _builder_version=&#8221;3.25&#8243; custom_padding=&#8221;|||&#8221; custom_padding__hover=&#8221;|||&#8221;][et_pb_text _builder_version=&#8221;4.0.2&#8243; text_font=&#8221;Poppins|700|||||||&#8221; text_text_color=&#8221;#ffffff&#8221; text_font_size=&#8221;35px&#8221; custom_padding=&#8221;||36px|&#8221; custom_padding_tablet=&#8221;&#8221; custom_padding_phone=&#8221;39px||&#8221; custom_padding_last_edited=&#8221;on|desktop&#8221;]<\/p>\n<p>Napisz do nas<\/p>\n<p>[\/et_pb_text][et_pb_contact_form captcha=&#8221;off&#8221; submit_button_text=&#8221;Wy\u015blij&#8221; module_id=&#8221;et_pb_contact_form_0&#8243; _builder_version=&#8221;4.0.2&#8243; form_field_background_color=&#8221;#ffffff&#8221; form_field_text_color=&#8221;#707070&#8243; form_field_font=&#8221;Poppins||||||||&#8221; form_field_font_size=&#8221;14px&#8221; form_field_line_height=&#8221;1.8em&#8221; custom_button=&#8221;on&#8221; button_text_size=&#8221;13px&#8221; button_text_color=&#8221;#000000&#8243; button_bg_color=&#8221;#28ffb4&#8243; button_border_width=&#8221;12px&#8221; button_border_color=&#8221;#28ffb4&#8243; button_border_radius=&#8221;3px&#8221; button_letter_spacing=&#8221;1px&#8221; button_font=&#8221;Poppins|700||on|||||&#8221; button_icon=&#8221;%%3%%&#8221; button_on_hover=&#8221;off&#8221; custom_margin=&#8221;||&#8221; custom_padding=&#8221;|||&#8221; border_radii=&#8221;on|3px|3px|3px|3px&#8221; border_color_all=&#8221;#ffffff&#8221; form_background_color=&#8221;#ffffff&#8221; button_text_size__hover_enabled=&#8221;off&#8221; button_text_color__hover=&#8221;#002e5b&#8221; button_text_color__hover_enabled=&#8221;on&#8221; button_bg_color__hover=&#8221;#ffffff&#8221; button_bg_color__hover_enabled=&#8221;on&#8221; button_border_width__hover_enabled=&#8221;off&#8221; button_border_color__hover=&#8221;#ffffff&#8221; button_border_color__hover_enabled=&#8221;on&#8221; button_border_radius__hover_enabled=&#8221;off&#8221; button_letter_spacing__hover=&#8221;1px&#8221; button_letter_spacing__hover_enabled=&#8221;on&#8221; button_text_color_hover=&#8221;#3FA2F7 &#8221; button_bg_color_hover=&#8221;#ffffff&#8221; button_border_color_hover=&#8221;#ffffff&#8221; button_letter_spacing_hover=&#8221;4px&#8221;][et_pb_contact_field field_id=&#8221;Imi\u0119&#8221; field_title=&#8221;Imi\u0119&#8221; fullwidth_field=&#8221;on&#8221; _builder_version=&#8221;4.0.2&#8243; button_text_size__hover_enabled=&#8221;off&#8221; button_one_text_size__hover_enabled=&#8221;off&#8221; button_two_text_size__hover_enabled=&#8221;off&#8221; button_text_color__hover_enabled=&#8221;off&#8221; button_one_text_color__hover_enabled=&#8221;off&#8221; button_two_text_color__hover_enabled=&#8221;off&#8221; button_border_width__hover_enabled=&#8221;off&#8221; button_one_border_width__hover_enabled=&#8221;off&#8221; button_two_border_width__hover_enabled=&#8221;off&#8221; button_border_color__hover_enabled=&#8221;off&#8221; button_one_border_color__hover_enabled=&#8221;off&#8221; button_two_border_color__hover_enabled=&#8221;off&#8221; button_border_radius__hover_enabled=&#8221;off&#8221; button_one_border_radius__hover_enabled=&#8221;off&#8221; button_two_border_radius__hover_enabled=&#8221;off&#8221; button_letter_spacing__hover_enabled=&#8221;off&#8221; button_one_letter_spacing__hover_enabled=&#8221;off&#8221; button_two_letter_spacing__hover_enabled=&#8221;off&#8221; button_bg_color__hover_enabled=&#8221;off&#8221; button_one_bg_color__hover_enabled=&#8221;off&#8221; button_two_bg_color__hover_enabled=&#8221;off&#8221;][\/et_pb_contact_field][et_pb_contact_field field_id=&#8221;Email&#8221; field_title=&#8221;Email&#8221; field_type=&#8221;email&#8221; _builder_version=&#8221;4.0.2&#8243; button_text_size__hover_enabled=&#8221;off&#8221; button_one_text_size__hover_enabled=&#8221;off&#8221; button_two_text_size__hover_enabled=&#8221;off&#8221; button_text_color__hover_enabled=&#8221;off&#8221; button_one_text_color__hover_enabled=&#8221;off&#8221; button_two_text_color__hover_enabled=&#8221;off&#8221; button_border_width__hover_enabled=&#8221;off&#8221; button_one_border_width__hover_enabled=&#8221;off&#8221; button_two_border_width__hover_enabled=&#8221;off&#8221; button_border_color__hover_enabled=&#8221;off&#8221; button_one_border_color__hover_enabled=&#8221;off&#8221; button_two_border_color__hover_enabled=&#8221;off&#8221; button_border_radius__hover_enabled=&#8221;off&#8221; button_one_border_radius__hover_enabled=&#8221;off&#8221; button_two_border_radius__hover_enabled=&#8221;off&#8221; button_letter_spacing__hover_enabled=&#8221;off&#8221; button_one_letter_spacing__hover_enabled=&#8221;off&#8221; button_two_letter_spacing__hover_enabled=&#8221;off&#8221; button_bg_color__hover_enabled=&#8221;off&#8221; button_one_bg_color__hover_enabled=&#8221;off&#8221; button_two_bg_color__hover_enabled=&#8221;off&#8221;][\/et_pb_contact_field][et_pb_contact_field field_id=&#8221;Telefon&#8221; field_title=&#8221;Telefon&#8221; field_type=&#8221;email&#8221; _builder_version=&#8221;4.0.2&#8243; button_text_size__hover_enabled=&#8221;off&#8221; button_one_text_size__hover_enabled=&#8221;off&#8221; button_two_text_size__hover_enabled=&#8221;off&#8221; button_text_color__hover_enabled=&#8221;off&#8221; button_one_text_color__hover_enabled=&#8221;off&#8221; button_two_text_color__hover_enabled=&#8221;off&#8221; button_border_width__hover_enabled=&#8221;off&#8221; button_one_border_width__hover_enabled=&#8221;off&#8221; button_two_border_width__hover_enabled=&#8221;off&#8221; button_border_color__hover_enabled=&#8221;off&#8221; button_one_border_color__hover_enabled=&#8221;off&#8221; button_two_border_color__hover_enabled=&#8221;off&#8221; button_border_radius__hover_enabled=&#8221;off&#8221; button_one_border_radius__hover_enabled=&#8221;off&#8221; button_two_border_radius__hover_enabled=&#8221;off&#8221; button_letter_spacing__hover_enabled=&#8221;off&#8221; button_one_letter_spacing__hover_enabled=&#8221;off&#8221; button_two_letter_spacing__hover_enabled=&#8221;off&#8221; button_bg_color__hover_enabled=&#8221;off&#8221; button_one_bg_color__hover_enabled=&#8221;off&#8221; button_two_bg_color__hover_enabled=&#8221;off&#8221;][\/et_pb_contact_field][et_pb_contact_field field_id=&#8221;Wiadomo\u015b\u0107&#8221; field_title=&#8221;Wiadomo\u015b\u0107&#8221; field_type=&#8221;text&#8221; fullwidth_field=&#8221;on&#8221; _builder_version=&#8221;4.0.2&#8243; custom_margin=&#8221;||28px|&#8221; custom_padding=&#8221;|||&#8221; button_text_size__hover_enabled=&#8221;off&#8221; button_one_text_size__hover_enabled=&#8221;off&#8221; button_two_text_size__hover_enabled=&#8221;off&#8221; button_text_color__hover_enabled=&#8221;off&#8221; button_one_text_color__hover_enabled=&#8221;off&#8221; button_two_text_color__hover_enabled=&#8221;off&#8221; button_border_width__hover_enabled=&#8221;off&#8221; button_one_border_width__hover_enabled=&#8221;off&#8221; button_two_border_width__hover_enabled=&#8221;off&#8221; button_border_color__hover_enabled=&#8221;off&#8221; button_one_border_color__hover_enabled=&#8221;off&#8221; button_two_border_color__hover_enabled=&#8221;off&#8221; button_border_radius__hover_enabled=&#8221;off&#8221; button_one_border_radius__hover_enabled=&#8221;off&#8221; button_two_border_radius__hover_enabled=&#8221;off&#8221; button_letter_spacing__hover_enabled=&#8221;off&#8221; button_one_letter_spacing__hover_enabled=&#8221;off&#8221; button_two_letter_spacing__hover_enabled=&#8221;off&#8221; button_bg_color__hover_enabled=&#8221;off&#8221; button_one_bg_color__hover_enabled=&#8221;off&#8221; button_two_bg_color__hover_enabled=&#8221;off&#8221;][\/et_pb_contact_field][\/et_pb_contact_form][\/et_pb_column][\/et_pb_row][\/et_pb_section]<\/p>\n","protected":false},"excerpt":{"rendered":"<p>Oferta Ksi\u0119gowo\u015b\u0107WindykacjaKontaktul. Wschodnia 30 05-090 Raszyntel. 504 267 782 tel. 791 379 624biuro@dortax.plNapisz do nas<\/p>\n","protected":false},"author":1,"featured_media":0,"parent":0,"menu_order":0,"comment_status":"closed","ping_status":"closed","template":"","meta":{"_et_pb_use_builder":"on","_et_pb_old_content":"","_et_gb_content_width":"","footnotes":""},"yst_prominent_words":[],"class_list":["post-75","page","type-page","status-publish","hentry"],"_links":{"self":[{"href":"https:\/\/dortax.pl\/index.php\/wp-json\/wp\/v2\/pages\/75"}],"collection":[{"href":"https:\/\/dortax.pl\/index.php\/wp-json\/wp\/v2\/pages"}],"about":[{"href":"https:\/\/dortax.pl\/index.php\/wp-json\/wp\/v2\/types\/page"}],"author":[{"embeddable":true,"href":"https:\/\/dortax.pl\/index.php\/wp-json\/wp\/v2\/users\/1"}],"replies":[{"embeddable":true,"href":"https:\/\/dortax.pl\/index.php\/wp-json\/wp\/v2\/comments?post=75"}],"version-history":[{"count":0,"href":"https:\/\/dortax.pl\/index.php\/wp-json\/wp\/v2\/pages\/75\/revisions"}],"wp:attachment":[{"href":"https:\/\/dortax.pl\/index.php\/wp-json\/wp\/v2\/media?parent=75"}],"wp:term":[{"taxonomy":"yst_prominent_words","embeddable":true,"href":"https:\/\/dortax.pl\/index.php\/wp-json\/wp\/v2\/yst_prominent_words?post=75"}],"curies":[{"name":"wp","href":"https:\/\/api.w.org\/{rel}","templated":true}]}}