{"id":10,"date":"2020-01-20T10:48:49","date_gmt":"2020-01-20T09:48:49","guid":{"rendered":"https:\/\/dortax.pl\/index.php\/szkolenia\/"},"modified":"2020-02-11T10:11:41","modified_gmt":"2020-02-11T09:11:41","slug":"szkolenia","status":"publish","type":"page","link":"https:\/\/dortax.pl\/index.php\/szkolenia\/","title":{"rendered":"Szkolenia"},"content":{"rendered":"<p>[et_pb_section fb_built=&#8221;1&#8243; _builder_version=&#8221;4.0.2&#8243; background_enable_color=&#8221;off&#8221; background_color_gradient_direction=&#8221;90deg&#8221; background_image=&#8221;https:\/\/dortax.pl\/wp-content\/uploads\/2020\/01\/company-155-2.jpg&#8221; background_position=&#8221;top_center&#8221; background_blend=&#8221;overlay&#8221; custom_padding=&#8221;0px||0px||false|false&#8221;][et_pb_row use_custom_gutter=&#8221;on&#8221; gutter_width=&#8221;1&#8243; make_equal=&#8221;on&#8221; _builder_version=&#8221;4.0.2&#8243; width=&#8221;100%&#8221; width_tablet=&#8221;90%&#8221; width_phone=&#8221;90%&#8221; width_last_edited=&#8221;on|desktop&#8221; max_width=&#8221;100%&#8221; max_width_tablet=&#8221;90%&#8221; max_width_phone=&#8221;90%&#8221; max_width_last_edited=&#8221;on|phone&#8221; custom_padding=&#8221;0px||0px||false|false&#8221; animation_style=&#8221;slide&#8221; animation_direction=&#8221;left&#8221; animation_duration=&#8221;1500ms&#8221;][et_pb_column type=&#8221;4_4&#8243; _builder_version=&#8221;4.0.2&#8243; background_color=&#8221;#5e6e9e&#8221; background_enable_image=&#8221;off&#8221; custom_padding=&#8221;3%|3%|3%|3%|true|true&#8221; custom_padding__hover=&#8221;|||&#8221;][et_pb_text _builder_version=&#8221;4.0.2&#8243; text_font=&#8221;Poppins||||||||&#8221; text_text_color=&#8221;#5499D4&#8243; text_font_size=&#8221;16px&#8221; text_line_height=&#8221;1.8em&#8221; header_font=&#8221;Raleway|500|||||||&#8221; header_text_align=&#8221;left&#8221; header_text_color=&#8221;#ffffff&#8221; header_font_size=&#8221;60px&#8221; header_letter_spacing=&#8221;2px&#8221; header_font_size_tablet=&#8221;40px&#8221; header_font_size_phone=&#8221;30px&#8221; header_font_size_last_edited=&#8221;on|desktop&#8221;]<\/p>\n<h1 style=\"text-align: center;\">Szkolenia<\/h1>\n<p>[\/et_pb_text][\/et_pb_column][\/et_pb_row][\/et_pb_section][et_pb_section fb_built=&#8221;1&#8243; _builder_version=&#8221;3.22.3&#8243; background_color=&#8221;#F5F5F5&#8243; custom_padding=&#8221;40px|0px|40px|0px|true|false&#8221;][et_pb_row column_structure=&#8221;1_2,1_2&#8243; use_custom_gutter=&#8221;on&#8221; gutter_width=&#8221;2&#8243; make_equal=&#8221;on&#8221; _builder_version=&#8221;4.0.2&#8243; width=&#8221;98%&#8221; width_tablet=&#8221;90%&#8221; width_phone=&#8221;90%&#8221; width_last_edited=&#8221;on|desktop&#8221; max_width=&#8221;1170px&#8221; max_width_tablet=&#8221;90%&#8221; max_width_phone=&#8221;90%&#8221; max_width_last_edited=&#8221;on|phone&#8221; animation_style=&#8221;slide&#8221; animation_direction=&#8221;bottom&#8221; animation_duration=&#8221;1400ms&#8221; animation_delay=&#8221;500ms&#8221;][et_pb_column type=&#8221;1_2&#8243; _builder_version=&#8221;4.0.2&#8243; background_color=&#8221;#ffffff&#8221; custom_padding=&#8221;|||&#8221; box_shadow_style=&#8221;preset2&#8243; custom_padding__hover=&#8221;|||&#8221;][et_pb_text _builder_version=&#8221;4.0.2&#8243; text_font=&#8221;Raleway||||||||&#8221; text_text_color=&#8221;#000000&#8243; text_font_size=&#8221;15px&#8221; text_line_height=&#8221;1.8em&#8221; header_font=&#8221;Roboto Condensed|700|||||||&#8221; header_text_color=&#8221;#2f2f2f&#8221; header_font_size=&#8221;18px&#8221; header_2_font=&#8221;Roboto Condensed|700||on|||||&#8221; header_2_text_color=&#8221;#2f2f2f&#8221; header_2_font_size=&#8221;18px&#8221; header_3_font=&#8221;Roboto Condensed|700||on|||||&#8221; header_3_text_color=&#8221;#2f2f2f&#8221; header_3_font_size=&#8221;18px&#8221; header_4_font=&#8221;Roboto Condensed|700||on|||||&#8221; header_4_text_color=&#8221;#2f2f2f&#8221; header_5_font=&#8221;Roboto Condensed|700||on|||||&#8221; header_5_text_color=&#8221;#2f2f2f&#8221; header_5_font_size=&#8221;18px&#8221; header_6_font=&#8221;Roboto Condensed|700||on|||||&#8221; header_6_text_color=&#8221;#2f2f2f&#8221; header_6_font_size=&#8221;18px&#8221; text_orientation=&#8221;justified&#8221; custom_padding=&#8221;35px|32px|16px|32px|false|true&#8221;]<\/p>\n<p style=\"text-align: center;\"><em><b>Szkolenia ksi\u0119gowe<\/b><\/em><\/p>\n<p>Oferujemy szkolenia dedykowane zw\u0142aszcza pocz\u0105tkuj\u0105cym przedsi\u0119biorcom. W trakcie naszych szkole\u0144 chcemy przekaza\u0107 wiedz\u0119 z zakresu: rodzaj\u00f3w podatk\u00f3w, sposob\u00f3w opodatkowania i form prowadzenia dzia\u0142alno\u015bci gospodarczej.<\/p>\n<p>Uczestnictwo w naszych szkoleniach umo\u017cliwi Pa\u0144stwu merytoryczne przygotowanie si\u0119 prowadzenia w\u0142asnej firmy oraz podj\u0119cie \u015bwiadomej decyzji co do wyboru najlepszej dla siebie formy opodatkowania.<\/p>\n<p>Szkolenia s\u0105 r\u00f3wnie\u017c skierowane do os\u00f3b, kt\u00f3re chc\u0105 podj\u0105\u0107 si\u0119 samemu prowadzenia ksi\u0119gowo\u015bci w\u0142asnej firmy (zw\u0142aszcza KPiR).<\/p>\n<p><strong>Przyk\u0142adowy program szkolenia:<\/strong><\/p>\n<p>1. Rodzaje, podzia\u0142 i poj\u0119cie podatk\u00f3w w dzia\u0142alno\u015bci gospodarczej<br \/> 2. Ordynacja podatkowa<br \/> 3. Rejestracja dzia\u0142alno\u015bci<br \/> <span>\u2022\u00a0<\/span>sposoby rejestracji,<br \/> <span>\u2022\u00a0<\/span>wymogi formalne<br \/> 4. Rodzaje dzia\u0142alno\u015bci gospodarczych (charakterystyka i r\u00f3\u017cnice)<br \/> 5. Wybrane zagadnienia zwi\u0105zane z PDOF<br \/> <span><strong>\u2022<\/strong>\u00a0<\/span>Om\u00f3wienie koszt\u00f3w uzyskania przychod\u00f3w<br \/> <span>\u2022\u00a0<\/span>Om\u00f3wienie co stanowi przych\u00f3d<br \/> 6. Wybrane zagadnienia zwi\u0105zane z VAT o Ewidencje i rejestry<br \/> (zakup\u00f3w i sprzeda\u017cy)<br \/> 7. Wybrane zagadnienia zwi\u0105zane z ZUS przedsi\u0119biorc\u00f3w<br \/> (sk\u0142adki obni\u017cone, rejestracja)<br \/> 8. Obowi\u0105zek i zasady prowadzenia ksi\u0119gi przychod\u00f3w i rozchod\u00f3w<br \/> 9. Prowadzenie ewidencji rycza\u0142towych<\/p>\n<p>[\/et_pb_text][et_pb_image src=&#8221;https:\/\/dortax.pl\/wp-content\/uploads\/2020\/02\/Szkolenie-ksiegowe_1-1.jpg&#8221; _builder_version=&#8221;4.0.2&#8243; hover_enabled=&#8221;0&#8243;][\/et_pb_image][\/et_pb_column][et_pb_column type=&#8221;1_2&#8243; _builder_version=&#8221;4.0.2&#8243; background_color=&#8221;#ffffff&#8221; custom_padding=&#8221;|||&#8221; box_shadow_style=&#8221;preset2&#8243; custom_padding__hover=&#8221;|||&#8221;][et_pb_text _builder_version=&#8221;4.0.2&#8243; text_font=&#8221;Raleway||||||||&#8221; text_text_color=&#8221;#000000&#8243; text_font_size=&#8221;15px&#8221; text_line_height=&#8221;1.8em&#8221; header_font=&#8221;Roboto Condensed|700|||||||&#8221; header_text_color=&#8221;#2f2f2f&#8221; header_font_size=&#8221;18px&#8221; header_2_font=&#8221;Roboto Condensed|700||on|||||&#8221; header_2_text_color=&#8221;#2f2f2f&#8221; header_2_font_size=&#8221;18px&#8221; header_3_font=&#8221;Roboto Condensed|700||on|||||&#8221; header_3_text_color=&#8221;#2f2f2f&#8221; header_3_font_size=&#8221;18px&#8221; header_4_font=&#8221;Roboto Condensed|700||on|||||&#8221; header_4_text_color=&#8221;#2f2f2f&#8221; header_5_font=&#8221;Roboto Condensed|700||on|||||&#8221; header_5_text_color=&#8221;#2f2f2f&#8221; header_5_font_size=&#8221;18px&#8221; header_6_font=&#8221;Roboto Condensed|700||on|||||&#8221; header_6_text_color=&#8221;#2f2f2f&#8221; header_6_font_size=&#8221;18px&#8221; text_orientation=&#8221;justified&#8221; custom_padding=&#8221;35px|32px|16px|32px|false|true&#8221;]<\/p>\n<p style=\"text-align: center;\"><em><b>Szkolenia windykacyjne<\/b><\/em><\/p>\n<p align=\"JUSTIFY\">Prowadzimy szkolenia z zakresu windykacji wierzytelno\u015bci zar\u00f3wno dla w\u0142a\u015bcicieli firm (strategie windykacyjne w firmach w zale\u017cno\u015bci od wielko\u015bci) jak i pracownik\u00f3w zajmuj\u0105cych si\u0119 rozrachunkami ksi\u0119gowymi i kontaktuj\u0105cymi si\u0119 z wierzycielami.<\/p>\n<p align=\"JUSTIFY\">Podczas szkolenia uczestnik zdobywa wiedz\u0119 o narz\u0119dziach do prowadzenia skutecznego odzyskiwania d\u0142ug\u00f3w oraz nabywa umiej\u0119tno\u015b\u0107 praktycznego ich wykorzystania. Nauczy si\u0119 r\u00f3wnie\u017c ocenia\u0107, w jakim przypadku prowadzi\u0107 windykacj\u0119 samemu, a kiedy przekaza\u0107 j\u0105 do profesjonalnych firm windykacyjnych.<\/p>\n<p><b>Przyk\u0142adowy program szkolenia dla pracownik\u00f3w zajmuj\u0105cych si\u0119 rozrachunkami<\/b><\/p>\n<p><b>1. Windykacja \u2013 stereotypy, a rzeczywisto\u015b\u0107<br \/><\/b><span>\u2022\u00a0<\/span>Czym jest windykacja nale\u017cno\u015bci<br \/><span>\u2022\u00a0<\/span>Kim jest Windykator w firmie<br \/><span>\u2022\u00a0<\/span>Czy windykacji mo\u017cna si\u0119 nauczy\u0107\u2026<\/p>\n<p><b>2. Elementy proces\u00f3w windykacji<\/b><\/p>\n<p><em>\u2022\u00a0Windykacja mi\u0119kka<\/em><\/p>\n<p>&#8211; weryfikacja kontrahent\u00f3w w bazach gospodarczych: przyk\u0142adowe bazy do weryfikacji<\/p>\n<p>&#8211; prowadzenie skutecznej rozmowy windykacyjnej, w tym: struktura rozmowy windykacyjnej, wym\u00f3wki klient\u00f3w, gry windykacyjne \u2013 \u0107wiczenia praktyczne<\/p>\n<p>&#8211; zg\u0142aszanie d\u0142u\u017cnika do Biura Informacji Gospodarczej (BIG)<\/p>\n<p>&#8211; wezwania do zap\u0142aty: jak napisa\u0107 prawid\u0142owe wezwanie \u2013 \u0107wiczenia praktyczne<\/p>\n<p><em>\u2022 Windykacja twarda<\/em><\/p>\n<p>&#8211; e-s\u0105d czyli Elektroniczne Post\u0119powanie Upominawcze \u2013 \u0107wiczenia praktyczne<\/p>\n<p>a) rejestracja na platformie EPU,<\/p>\n<p>b) zasady pisania pozwu,<\/p>\n<p>c) op\u0142aty s\u0105dowe,<\/p>\n<p>d) nakaz zap\u0142aty,<\/p>\n<p>e) klauzula wykonalno\u015bci,<\/p>\n<p>f) przekazywanie sprawy do egzekucji komorniczej<\/p>\n<p>[\/et_pb_text][\/et_pb_column][\/et_pb_row][\/et_pb_section][et_pb_section fb_built=&#8221;1&#8243; _builder_version=&#8221;3.22.3&#8243; use_background_color_gradient=&#8221;on&#8221; background_color_gradient_start=&#8221;rgba(0,46,91,0.82)&#8221; background_color_gradient_end=&#8221;rgba(0,46,91,0.82)&#8221; background_color_gradient_overlays_image=&#8221;on&#8221; background_image=&#8221;https:\/\/dortax.pl\/wp-content\/uploads\/2020\/01\/company-155-35.jpg&#8221; custom_padding=&#8221;36px||36px||true|&#8221; global_module=&#8221;71&#8243; saved_tabs=&#8221;all&#8221;][et_pb_row column_structure=&#8221;2_5,3_5&#8243; use_custom_gutter=&#8221;on&#8221; gutter_width=&#8221;2&#8243; padding_top_bottom_link_1=&#8221;true&#8221; padding_left_right_link_1=&#8221;true&#8221; _builder_version=&#8221;3.25&#8243; width=&#8221;98%&#8221; width_tablet=&#8221;90%&#8221; width_phone=&#8221;90%&#8221; width_last_edited=&#8221;on|desktop&#8221; max_width=&#8221;1170px&#8221; max_width_tablet=&#8221;90%&#8221; max_width_phone=&#8221;90%&#8221; max_width_last_edited=&#8221;on|phone&#8221; animation_style=&#8221;slide&#8221; animation_direction=&#8221;bottom&#8221; animation_duration=&#8221;1400ms&#8221; animation_delay=&#8221;500ms&#8221;][et_pb_column type=&#8221;2_5&#8243; _builder_version=&#8221;3.25&#8243; custom_padding=&#8221;|||&#8221; custom_padding__hover=&#8221;|||&#8221;][et_pb_text _builder_version=&#8221;4.0.2&#8243; text_font=&#8221;Poppins|700|||||||&#8221; text_text_color=&#8221;#ffffff&#8221; text_font_size=&#8221;35px&#8221; custom_padding=&#8221;||36px|&#8221;]<\/p>\n<p>Kontakt<\/p>\n<p>[\/et_pb_text][et_pb_blurb image=&#8221;https:\/\/dortax.pl\/wp-content\/uploads\/2020\/01\/company-154-1.png&#8221; icon_placement=&#8221;left&#8221; image_max_width=&#8221;25px&#8221; _builder_version=&#8221;4.0.2&#8243; body_font=&#8221;Poppins||||||||&#8221; body_text_color=&#8221;#ffffff&#8221; body_line_height=&#8221;1.8em&#8221; animation=&#8221;off&#8221; border_width_top_image=&#8221;6px&#8221; border_color_top_image=&#8221;rgba(0,0,0,0)&#8221; border_width_right_image=&#8221;4px&#8221; border_color_right_image=&#8221;rgba(0,0,0,0)&#8221;]<\/p>\n<p>ul. Wschodnia 30<br \/> 05-090 Raszyn<\/p>\n<p>[\/et_pb_blurb][et_pb_blurb image=&#8221;https:\/\/dortax.pl\/wp-content\/uploads\/2020\/01\/company-154-2.png&#8221; icon_placement=&#8221;left&#8221; image_max_width=&#8221;25px&#8221; _builder_version=&#8221;4.0.2&#8243; body_font=&#8221;Poppins||||||||&#8221; body_text_color=&#8221;#ffffff&#8221; body_line_height=&#8221;1.8em&#8221; custom_padding=&#8221;11px||11px||true&#8221; animation=&#8221;off&#8221; border_width_top_image=&#8221;6px&#8221; border_color_top_image=&#8221;rgba(0,0,0,0)&#8221; border_width_right_image=&#8221;4px&#8221; border_color_right_image=&#8221;rgba(0,0,0,0)&#8221;]<\/p>\n<p>tel. 504 267 782<br \/> tel. 791 379 624<\/p>\n<p>[\/et_pb_blurb][et_pb_blurb image=&#8221;https:\/\/dortax.pl\/wp-content\/uploads\/2020\/01\/company-154-3.png&#8221; icon_placement=&#8221;left&#8221; image_max_width=&#8221;25px&#8221; _builder_version=&#8221;4.0.2&#8243; body_font=&#8221;Poppins||||||||&#8221; body_text_color=&#8221;#ffffff&#8221; body_line_height=&#8221;1.8em&#8221; animation=&#8221;off&#8221; border_width_top_image=&#8221;6px&#8221; border_color_top_image=&#8221;rgba(0,0,0,0)&#8221; border_width_right_image=&#8221;4px&#8221; border_color_right_image=&#8221;rgba(0,0,0,0)&#8221;]biuro@dortax.pl[\/et_pb_blurb][\/et_pb_column][et_pb_column type=&#8221;3_5&#8243; _builder_version=&#8221;3.25&#8243; custom_padding=&#8221;|||&#8221; custom_padding__hover=&#8221;|||&#8221;][et_pb_text _builder_version=&#8221;4.0.2&#8243; text_font=&#8221;Poppins|700|||||||&#8221; text_text_color=&#8221;#ffffff&#8221; text_font_size=&#8221;35px&#8221; custom_padding=&#8221;||36px|&#8221; custom_padding_tablet=&#8221;&#8221; custom_padding_phone=&#8221;39px||&#8221; custom_padding_last_edited=&#8221;on|desktop&#8221;]<\/p>\n<p>Napisz do nas<\/p>\n<p>[\/et_pb_text][et_pb_contact_form captcha=&#8221;off&#8221; submit_button_text=&#8221;Wy\u015blij&#8221; module_id=&#8221;et_pb_contact_form_0&#8243; _builder_version=&#8221;4.0.2&#8243; form_field_background_color=&#8221;#ffffff&#8221; form_field_text_color=&#8221;#707070&#8243; form_field_font=&#8221;Poppins||||||||&#8221; form_field_font_size=&#8221;14px&#8221; form_field_line_height=&#8221;1.8em&#8221; custom_button=&#8221;on&#8221; button_text_size=&#8221;13px&#8221; button_text_color=&#8221;#000000&#8243; button_bg_color=&#8221;#28ffb4&#8243; button_border_width=&#8221;12px&#8221; button_border_color=&#8221;#28ffb4&#8243; button_border_radius=&#8221;3px&#8221; button_letter_spacing=&#8221;1px&#8221; button_font=&#8221;Poppins|700||on|||||&#8221; button_icon=&#8221;%%3%%&#8221; button_on_hover=&#8221;off&#8221; custom_margin=&#8221;||&#8221; custom_padding=&#8221;|||&#8221; border_radii=&#8221;on|3px|3px|3px|3px&#8221; border_color_all=&#8221;#ffffff&#8221; form_background_color=&#8221;#ffffff&#8221; button_text_size__hover_enabled=&#8221;off&#8221; button_text_color__hover=&#8221;#002e5b&#8221; button_text_color__hover_enabled=&#8221;on&#8221; button_bg_color__hover=&#8221;#ffffff&#8221; button_bg_color__hover_enabled=&#8221;on&#8221; button_border_width__hover_enabled=&#8221;off&#8221; button_border_color__hover=&#8221;#ffffff&#8221; button_border_color__hover_enabled=&#8221;on&#8221; button_border_radius__hover_enabled=&#8221;off&#8221; button_letter_spacing__hover=&#8221;1px&#8221; button_letter_spacing__hover_enabled=&#8221;on&#8221; button_text_color_hover=&#8221;#3FA2F7 &#8221; button_bg_color_hover=&#8221;#ffffff&#8221; button_border_color_hover=&#8221;#ffffff&#8221; button_letter_spacing_hover=&#8221;4px&#8221;][et_pb_contact_field field_id=&#8221;Imi\u0119&#8221; field_title=&#8221;Imi\u0119&#8221; fullwidth_field=&#8221;on&#8221; _builder_version=&#8221;4.0.2&#8243; button_text_size__hover_enabled=&#8221;off&#8221; button_one_text_size__hover_enabled=&#8221;off&#8221; button_two_text_size__hover_enabled=&#8221;off&#8221; button_text_color__hover_enabled=&#8221;off&#8221; button_one_text_color__hover_enabled=&#8221;off&#8221; button_two_text_color__hover_enabled=&#8221;off&#8221; button_border_width__hover_enabled=&#8221;off&#8221; button_one_border_width__hover_enabled=&#8221;off&#8221; button_two_border_width__hover_enabled=&#8221;off&#8221; button_border_color__hover_enabled=&#8221;off&#8221; button_one_border_color__hover_enabled=&#8221;off&#8221; button_two_border_color__hover_enabled=&#8221;off&#8221; button_border_radius__hover_enabled=&#8221;off&#8221; button_one_border_radius__hover_enabled=&#8221;off&#8221; button_two_border_radius__hover_enabled=&#8221;off&#8221; button_letter_spacing__hover_enabled=&#8221;off&#8221; button_one_letter_spacing__hover_enabled=&#8221;off&#8221; button_two_letter_spacing__hover_enabled=&#8221;off&#8221; button_bg_color__hover_enabled=&#8221;off&#8221; button_one_bg_color__hover_enabled=&#8221;off&#8221; button_two_bg_color__hover_enabled=&#8221;off&#8221;][\/et_pb_contact_field][et_pb_contact_field field_id=&#8221;Email&#8221; field_title=&#8221;Email&#8221; field_type=&#8221;email&#8221; _builder_version=&#8221;4.0.2&#8243; button_text_size__hover_enabled=&#8221;off&#8221; button_one_text_size__hover_enabled=&#8221;off&#8221; button_two_text_size__hover_enabled=&#8221;off&#8221; button_text_color__hover_enabled=&#8221;off&#8221; button_one_text_color__hover_enabled=&#8221;off&#8221; button_two_text_color__hover_enabled=&#8221;off&#8221; button_border_width__hover_enabled=&#8221;off&#8221; button_one_border_width__hover_enabled=&#8221;off&#8221; button_two_border_width__hover_enabled=&#8221;off&#8221; button_border_color__hover_enabled=&#8221;off&#8221; button_one_border_color__hover_enabled=&#8221;off&#8221; button_two_border_color__hover_enabled=&#8221;off&#8221; button_border_radius__hover_enabled=&#8221;off&#8221; button_one_border_radius__hover_enabled=&#8221;off&#8221; button_two_border_radius__hover_enabled=&#8221;off&#8221; button_letter_spacing__hover_enabled=&#8221;off&#8221; button_one_letter_spacing__hover_enabled=&#8221;off&#8221; button_two_letter_spacing__hover_enabled=&#8221;off&#8221; button_bg_color__hover_enabled=&#8221;off&#8221; button_one_bg_color__hover_enabled=&#8221;off&#8221; button_two_bg_color__hover_enabled=&#8221;off&#8221;][\/et_pb_contact_field][et_pb_contact_field field_id=&#8221;Telefon&#8221; field_title=&#8221;Telefon&#8221; field_type=&#8221;email&#8221; _builder_version=&#8221;4.0.2&#8243; button_text_size__hover_enabled=&#8221;off&#8221; button_one_text_size__hover_enabled=&#8221;off&#8221; button_two_text_size__hover_enabled=&#8221;off&#8221; button_text_color__hover_enabled=&#8221;off&#8221; button_one_text_color__hover_enabled=&#8221;off&#8221; button_two_text_color__hover_enabled=&#8221;off&#8221; button_border_width__hover_enabled=&#8221;off&#8221; button_one_border_width__hover_enabled=&#8221;off&#8221; button_two_border_width__hover_enabled=&#8221;off&#8221; button_border_color__hover_enabled=&#8221;off&#8221; button_one_border_color__hover_enabled=&#8221;off&#8221; button_two_border_color__hover_enabled=&#8221;off&#8221; button_border_radius__hover_enabled=&#8221;off&#8221; button_one_border_radius__hover_enabled=&#8221;off&#8221; button_two_border_radius__hover_enabled=&#8221;off&#8221; button_letter_spacing__hover_enabled=&#8221;off&#8221; button_one_letter_spacing__hover_enabled=&#8221;off&#8221; button_two_letter_spacing__hover_enabled=&#8221;off&#8221; button_bg_color__hover_enabled=&#8221;off&#8221; button_one_bg_color__hover_enabled=&#8221;off&#8221; button_two_bg_color__hover_enabled=&#8221;off&#8221;][\/et_pb_contact_field][et_pb_contact_field field_id=&#8221;Wiadomo\u015b\u0107&#8221; field_title=&#8221;Wiadomo\u015b\u0107&#8221; field_type=&#8221;text&#8221; fullwidth_field=&#8221;on&#8221; _builder_version=&#8221;4.0.2&#8243; custom_margin=&#8221;||28px|&#8221; custom_padding=&#8221;|||&#8221; button_text_size__hover_enabled=&#8221;off&#8221; button_one_text_size__hover_enabled=&#8221;off&#8221; button_two_text_size__hover_enabled=&#8221;off&#8221; button_text_color__hover_enabled=&#8221;off&#8221; button_one_text_color__hover_enabled=&#8221;off&#8221; button_two_text_color__hover_enabled=&#8221;off&#8221; button_border_width__hover_enabled=&#8221;off&#8221; button_one_border_width__hover_enabled=&#8221;off&#8221; button_two_border_width__hover_enabled=&#8221;off&#8221; button_border_color__hover_enabled=&#8221;off&#8221; button_one_border_color__hover_enabled=&#8221;off&#8221; button_two_border_color__hover_enabled=&#8221;off&#8221; button_border_radius__hover_enabled=&#8221;off&#8221; button_one_border_radius__hover_enabled=&#8221;off&#8221; button_two_border_radius__hover_enabled=&#8221;off&#8221; button_letter_spacing__hover_enabled=&#8221;off&#8221; button_one_letter_spacing__hover_enabled=&#8221;off&#8221; button_two_letter_spacing__hover_enabled=&#8221;off&#8221; button_bg_color__hover_enabled=&#8221;off&#8221; button_one_bg_color__hover_enabled=&#8221;off&#8221; button_two_bg_color__hover_enabled=&#8221;off&#8221;][\/et_pb_contact_field][\/et_pb_contact_form][\/et_pb_column][\/et_pb_row][\/et_pb_section]<\/p>\n","protected":false},"excerpt":{"rendered":"<p>SzkoleniaSzkolenia ksi\u0119gowe Oferujemy szkolenia dedykowane zw\u0142aszcza pocz\u0105tkuj\u0105cym przedsi\u0119biorcom. W trakcie naszych szkole\u0144 chcemy przekaza\u0107 wiedz\u0119 z zakresu: rodzaj\u00f3w podatk\u00f3w, sposob\u00f3w opodatkowania i form prowadzenia dzia\u0142alno\u015bci gospodarczej. Uczestnictwo w naszych szkoleniach umo\u017cliwi Pa\u0144stwu merytoryczne przygotowanie si\u0119 prowadzenia w\u0142asnej firmy oraz podj\u0119cie \u015bwiadomej decyzji co do wyboru najlepszej dla siebie formy opodatkowania. Szkolenia s\u0105 r\u00f3wnie\u017c skierowane do [&hellip;]<\/p>\n","protected":false},"author":1,"featured_media":0,"parent":0,"menu_order":0,"comment_status":"closed","ping_status":"closed","template":"","meta":{"_et_pb_use_builder":"on","_et_pb_old_content":"","_et_gb_content_width":"","footnotes":""},"yst_prominent_words":[],"class_list":["post-10","page","type-page","status-publish","hentry"],"_links":{"self":[{"href":"https:\/\/dortax.pl\/index.php\/wp-json\/wp\/v2\/pages\/10"}],"collection":[{"href":"https:\/\/dortax.pl\/index.php\/wp-json\/wp\/v2\/pages"}],"about":[{"href":"https:\/\/dortax.pl\/index.php\/wp-json\/wp\/v2\/types\/page"}],"author":[{"embeddable":true,"href":"https:\/\/dortax.pl\/index.php\/wp-json\/wp\/v2\/users\/1"}],"replies":[{"embeddable":true,"href":"https:\/\/dortax.pl\/index.php\/wp-json\/wp\/v2\/comments?post=10"}],"version-history":[{"count":0,"href":"https:\/\/dortax.pl\/index.php\/wp-json\/wp\/v2\/pages\/10\/revisions"}],"wp:attachment":[{"href":"https:\/\/dortax.pl\/index.php\/wp-json\/wp\/v2\/media?parent=10"}],"wp:term":[{"taxonomy":"yst_prominent_words","embeddable":true,"href":"https:\/\/dortax.pl\/index.php\/wp-json\/wp\/v2\/yst_prominent_words?post=10"}],"curies":[{"name":"wp","href":"https:\/\/api.w.org\/{rel}","templated":true}]}}